{"id":3349,"date":"2023-05-19T14:18:39","date_gmt":"2023-05-19T14:18:39","guid":{"rendered":"https:\/\/bv-trend.com\/?page_id=3349"},"modified":"2025-05-29T14:15:35","modified_gmt":"2025-05-29T14:15:35","slug":"compliance","status":"publish","type":"page","link":"https:\/\/bv-trend.com\/ro\/compliance\/","title":{"rendered":"Conformitate"},"content":{"rendered":"<div data-elementor-type=\"wp-page\" data-elementor-id=\"3349\" class=\"elementor elementor-3349\">\n\t\t\t\t\t\t<section data-marvy_enable_drop_animation=\"false\" data-marvy_enable_fancy_rotate=\"false\" data-marvy_enable_flying_object=\"false\" data-marvy_enable_ripples_animation=\"false\" data-marvy_enable_waves_animation=\"false\" data-marvy_enable_rings_animation=\"false\" data-marvy_enable_topology_animation=\"false\" data-marvy_enable_gradient_animation=\"false\" data-marvy_enable_snow_animation=\"false\" data-marvy_enable_firework_animation=\"false\" data-marvy_enable_cloud_animation=\"false\" class=\"elementor-section elementor-top-section elementor-element elementor-element-9cb9b79 elementor-section-boxed elementor-section-height-default elementor-section-height-default jltma-glass-effect-no\" data-id=\"9cb9b79\" data-element_type=\"section\" data-settings=\"{&quot;background_background&quot;:&quot;classic&quot;}\">\n\t\t\t\t\t\t<div class=\"elementor-container elementor-column-gap-default\">\n\t\t\t\t\t<div class=\"elementor-column elementor-col-100 elementor-top-column elementor-element elementor-element-3fc8f16 jltma-glass-effect-no\" data-id=\"3fc8f16\" data-element_type=\"column\">\n\t\t\t<div class=\"elementor-widget-wrap elementor-element-populated\">\n\t\t\t\t\t\t<div class=\"elementor-element elementor-element-5a20ef8 jltma-glass-effect-no elementor-widget elementor-widget-spacer\" data-id=\"5a20ef8\" data-element_type=\"widget\" data-widget_type=\"spacer.default\">\n\t\t\t\t<div class=\"elementor-widget-container\">\n\t\t\t\t\t\t\t<div class=\"elementor-spacer\">\n\t\t\t<div class=\"elementor-spacer-inner\"><\/div>\n\t\t<\/div>\n\t\t\t\t\t\t<\/div>\n\t\t\t\t<\/div>\n\t\t\t\t<div class=\"elementor-element elementor-element-763c55f jltma-glass-effect-no elementor-widget elementor-widget-heading\" data-id=\"763c55f\" data-element_type=\"widget\" data-widget_type=\"heading.default\">\n\t\t\t\t<div class=\"elementor-widget-container\">\n\t\t\t\t\t<h2 class=\"elementor-heading-title elementor-size-default\">Politica de confiden\u021bialitate<\/h2>\t\t\t\t<\/div>\n\t\t\t\t<\/div>\n\t\t\t\t<div class=\"elementor-element elementor-element-fd9db04 jltma-glass-effect-no elementor-widget elementor-widget-text-editor\" data-id=\"fd9db04\" data-element_type=\"widget\" data-widget_type=\"text-editor.default\">\n\t\t\t\t<div class=\"elementor-widget-container\">\n\t\t\t\t\t\t\t\t\t<p>Declara\u021bie de confiden\u021bialitate<\/p><p>1.1 Protecting Your Privacy<\/p><p>Asigurarea securit\u0103\u021bii \u0219i confiden\u021bialit\u0103\u021bii informa\u021biilor personale \u0219i financiare ale clien\u021bilor no\u0219tri este una dintre priorit\u0103\u021bile noastre principale. Aceast\u0103 Declara\u021bie de confiden\u021bialitate prezint\u0103 modul \u00een care colect\u0103m, protej\u0103m \u0219i utiliz\u0103m informa\u021biile dumneavoastr\u0103. Prin deschiderea unui cont sau prin utilizarea site-ului nostru, sunte\u021bi de acord cu colectarea \u0219i utilizarea datelor cu caracter personal, astfel cum sunt descrise \u00een aceast\u0103 declara\u021bie.<\/p><p>1.2 Controlorul de date<\/p><p>\u00cen conformitate cu Legile privind protec\u021bia datelor din 1988 \u0219i 2003, operatorul de date pentru informa\u021biile dumneavoastr\u0103 cu caracter personal este **AvaTrade** (\u201enoi\u201d, \u201ene\u201d, \u201enostru\u201d).<\/p><p>&#8212;<\/p><p>2. Colectarea de informa\u021bii cu caracter personal<\/p><p>2.1 Tipuri de informa\u021bii colectate<\/p><p>Colect\u0103m informa\u021biile necesare pentru a deschide un cont, a efectua tranzac\u021bii \u0219i a v\u0103 proteja bunurile \u0219i confiden\u021bialitatea. Acestea includ informa\u021bii precum numele dvs., datele de contact (e-mail, num\u0103r de telefon, adres\u0103), informa\u021bii demografice (v\u00e2rst\u0103, educa\u021bie, ocupa\u021bie) \u0219i detaliile dvs. financiare (venit anual, valoare net\u0103, experien\u021b\u0103 \u00een tranzac\u021bionare). De asemenea, colect\u0103m istoricul tranzac\u021biilor \u0219i alte date relevante pentru a v\u0103 evalua nevoile de tranzac\u021bionare.<\/p><p>2.2 Scopul colect\u0103rii informa\u021biilor<\/p><p>Informa\u021biile ne ajut\u0103 s\u0103 ne adapt\u0103m serviciile, s\u0103 v\u0103 verific\u0103m identitatea \u0219i s\u0103 comunic\u0103m eficient. Acestea sunt utilizate pentru a v\u0103 configura contul, pentru a emite acredit\u0103ri de conectare securizate \u0219i pentru a v\u0103 informa cu privire la activitatea contului. De asemenea, ne permit s\u0103 v\u0103 \u00eembun\u0103t\u0103\u021bim experien\u021ba \u0219i s\u0103 v\u0103 oferim promo\u021bii sau servicii relevante.<\/p><p>&#8212;<\/p><p>3. Utilizarea informa\u021biilor personale<\/p><p>Utiliz\u0103m datele dvs. personale exclusiv pentru a furniza servicii de calitate \u0219i securitate. Aceasta include verificarea identit\u0103\u021bii dvs., crearea contului dvs., procesarea tranzac\u021biilor \u0219i men\u021binerea comunic\u0103rii. De asemenea, putem utiliza datele dvs. pentru a ne \u00eembun\u0103t\u0103\u021bi serviciile, pentru a v\u0103 personaliza experien\u021ba \u0219i pentru a v\u0103 notifica cu privire la produse sau promo\u021bii suplimentare care ar putea fi de interes.<\/p><p>&#8212;<\/p><p>4. Afilia\u021bi \u0219i parteneri<\/p><p>Putem partaja informa\u021biile dvs. cu afilia\u021bii sau partenerii no\u0219tri, dac\u0103 este necesar, pentru a \u00eendeplini cererile dvs. de servicii sau pentru a v\u0103 prezenta produse \u0219i servicii relevante. Acest lucru ne ajut\u0103 s\u0103 ne asigur\u0103m c\u0103 produsele r\u0103spund nevoilor dumneavoastr\u0103. Limit\u0103m utilizarea datelor dvs. la cele asociate cu serviciile pe care le oferim.<\/p><p>&#8212;<\/p><p>\u00a05. Ter\u021bi neafilia\u021bi<\/p><p>5.1 Divulgarea c\u0103tre p\u0103r\u021bi ter\u021be<\/p><p>Nu vindem, nu \u00eenchiriem \u0219i nu divulg\u0103m informa\u021biile dvs. personale c\u0103tre ter\u021bi, cu excep\u021bia cazurilor \u00een care acest lucru este impus de lege, \u00een scopuri de reglementare sau pentru a ne proteja drepturile.<\/p><p>5.2 Angajamentele ter\u021bilor<\/p><p>Pentru a ne \u00eembun\u0103t\u0103\u021bi serviciile, este posibil s\u0103 lucr\u0103m cu furnizori de servicii ter\u021bi (de exemplu, procesarea conturilor, serviciul clien\u021bi). Ace\u0219ti furnizori pot stoca sau prelucra date \u00een afara Spa\u021biului Economic European (SEE), inclusiv \u00een S.U.A. Toate p\u0103r\u021bile trebuie s\u0103 adere la standarde de securitate similare pentru protejarea informa\u021biilor dumneavoastr\u0103.<\/p><p>&#8212;<\/p><p>6. Securitate<\/p><p>6.1 Protec\u021bia datelor<\/p><p>Datele dvs. sunt stocate \u00een siguran\u021b\u0103 pe servere protejate. Pl\u0103\u021bile sunt criptate utiliz\u00e2nd tehnologia SSL. Orice zon\u0103 protejat\u0103 prin parol\u0103 este responsabilitatea dumneavoastr\u0103 \u0219i v\u0103 sf\u0103tuim s\u0103 nu divulga\u021bi parola dumneavoastr\u0103.<\/p><p>6.2 Securitatea transmisiei<\/p><p>De\u0219i implement\u0103m m\u0103suri de securitate, transmiterea de informa\u021bii pe internet nu este niciodat\u0103 complet sigur\u0103. Orice informa\u021bie \u00eemp\u0103rt\u0103\u0219it\u0103 prin intermediul site-ului nostru este pe propriul risc, de\u0219i aplic\u0103m practici stricte de securitate odat\u0103 ce am primit-o.<\/p><p>&#8212;<\/p><p>7. Limitarea responsabilit\u0103\u021bii<\/p><p>Nu suntem responsabili pentru politicile sau practicile de confiden\u021bialitate ale site-urilor web ale ter\u021bilor legate de site-ul nostru sau ale c\u0103ror m\u0103rci sunt asociate cu site-ul nostru. Dac\u0103 alege\u021bi s\u0103 partaja\u021bi informa\u021bii personale pe aceste site-uri, trebuie s\u0103 consulta\u021bi politicile lor de confiden\u021bialitate, deoarece acestea pot fi diferite de ale noastre.<\/p><p>&#8212;<\/p><p>8. Marketing<\/p><p>\u00a08.1 Marketing direct<\/p><p>Putem utiliza datele dumneavoastr\u0103 pentru a v\u0103 informa cu privire la produsele \u0219i serviciile noastre. Dac\u0103 sunte\u021bi un client existent, v\u0103 putem contacta prin mijloace electronice cu detalii despre produse similare.<\/p><p>8.2 Op\u021biuni de renun\u021bare<\/p><p>Dac\u0103 prefera\u021bi s\u0103 nu primi\u021bi comunic\u0103ri de marketing, pute\u021bi renun\u021ba actualiz\u00e2ndu-v\u0103 preferin\u021bele \u00een contul dvs. sau contact\u00e2nd serviciul clien\u021bi. Decizia de excludere voluntar\u0103 pentru conturile comune se aplic\u0103 tuturor titularilor de cont.<\/p><p>&#8212;<\/p><p>9. Utilizarea modulelor cookie<\/p><p>9.1 Module cookie pentru securitate \u0219i performan\u021b\u0103<\/p><p>Utiliz\u0103m module cookie pentru a v\u0103 securiza activit\u0103\u021bile de tranzac\u021bionare \u0219i pentru a \u00eembun\u0103t\u0103\u021bi performan\u021ba site-ului. Aceste module cookie nu con\u021bin date personale sau sensibile, dar ajut\u0103 la recunoa\u0219terea utilizatorilor care s-au conectat.<\/p><p>9.2 Publicitate \u0219i urm\u0103rire<\/p><p>Putem partaja datele de utilizare a site-ului cu companii de publicitate de renume pentru a \u00eembun\u0103t\u0103\u021bi anun\u021burile direc\u021bionate. Aceste companii pot utiliza tehnologii de urm\u0103rire, cum ar fi etichetele pixel, pentru a colecta date neidentificabile personal despre utilizarea site-ului.<\/p><p>&#8212;<\/p><p>10. Drepturile dumneavoastr\u0103<\/p><p>Ave\u021bi dreptul s\u0103 accesa\u021bi \u0219i s\u0103 solicita\u021bi o copie a informa\u021biilor dvs. personale de\u021binute de noi, cu o tax\u0103 de cel mult 5 EUR. De asemenea, pute\u021bi solicita corectarea datelor inexacte, s\u0103 v\u0103 opune\u021bi utiliz\u0103rii acestora sau s\u0103 bloca\u021bi anumite utiliz\u0103ri ale datelor, contact\u00e2ndu-ne \u00een scris.<\/p><p>&#8212;<\/p><p>11. Modific\u0103ri ale Declara\u021biei de confiden\u021bialitate<\/p><p>Putem actualiza periodic prezenta Declara\u021bie de confiden\u021bialitate. Orice modific\u0103ri vor fi postate pe site-ul nostru, cu o notificare furnizat\u0103 pentru a v\u0103 informa cu privire la actualiz\u0103ri. Continu\u00e2nd s\u0103 utiliza\u021bi serviciile noastre, accepta\u021bi aceste modific\u0103ri. V\u0103 \u00eencuraj\u0103m s\u0103 revizui\u021bi periodic aceast\u0103 declara\u021bie pentru a r\u0103m\u00e2ne informat cu privire la modul \u00een care v\u0103 protej\u0103m confiden\u021bialitatea.<\/p><p>&#8212;<\/p><p>Politica de rambursare \u0219i anulare<\/p><p>1. Prezentare general\u0103<\/p><p>Ramburs\u0103rile \u0219i anul\u0103rile se bazeaz\u0103 pe calculul matematic automat al expunerii. Ne rezerv\u0103m dreptul de a anula orice tranzac\u021bie \u00een afara acestui calcul automat, indiferent de pozi\u021bie sau tip. Metodele de arbitraj \u0219i scalping nu sunt acceptate \u0219i vor fi tratate ca tranzac\u021bii ilegale.<\/p><p>\u00a02. Restituiri<\/p><p>\u00cen cazul \u00een care clientul are fonduri neutilizate, se va acorda o rambursare integral\u0103. Dac\u0103 fondurile sunt pierdute, nu se vor efectua ramburs\u0103ri. Pentru a procesa o rambursare, clien\u021bii trebuie s\u0103 prezinte documente KYC complete, dup\u0103 care rambursarea va fi procesat\u0103 \u00een termen de 7 zile c\u0103tre metoda ini\u021bial\u0103 de depunere, minus taxele de transfer.<\/p>\t\t\t\t\t\t\t\t<\/div>\n\t\t\t\t<\/div>\n\t\t\t\t<div class=\"elementor-element elementor-element-e09fe2b jltma-glass-effect-no elementor-widget elementor-widget-spacer\" data-id=\"e09fe2b\" data-element_type=\"widget\" data-widget_type=\"spacer.default\">\n\t\t\t\t<div class=\"elementor-widget-container\">\n\t\t\t\t\t\t\t<div class=\"elementor-spacer\">\n\t\t\t<div class=\"elementor-spacer-inner\"><\/div>\n\t\t<\/div>\n\t\t\t\t\t\t<\/div>\n\t\t\t\t<\/div>\n\t\t\t\t\t<\/div>\n\t\t<\/div>\n\t\t\t\t\t<\/div>\n\t\t<\/section>\n\t\t\t\t<\/div>","protected":false},"excerpt":{"rendered":"<p>Privacy Policy Privacy Statement 1.1 Protecting Your Privacy Ensuring the security and privacy of our clients&#8217; personal and financial information is one [&hellip;]<\/p>","protected":false},"author":3,"featured_media":0,"parent":0,"menu_order":0,"comment_status":"closed","ping_status":"closed","template":"","meta":{"om_disable_all_campaigns":false,"_monsterinsights_skip_tracking":false,"_monsterinsights_sitenote_active":false,"_monsterinsights_sitenote_note":"","_monsterinsights_sitenote_category":0,"footnotes":""},"class_list":["post-3349","page","type-page","status-publish","hentry"],"yoast_head":"<!-- This site is optimized with the Yoast SEO plugin v25.2 - https:\/\/yoast.com\/wordpress\/plugins\/seo\/ -->\n<title>Compliance - BV-trend<\/title>\n<meta name=\"robots\" content=\"noindex, follow, max-snippet:-1, max-image-preview:large, max-video-preview:-1\" \/>\n<meta property=\"og:locale\" content=\"ro_RO\" \/>\n<meta property=\"og:type\" content=\"article\" \/>\n<meta property=\"og:title\" content=\"Compliance - BV-trend\" \/>\n<meta property=\"og:description\" content=\"Privacy Policy Privacy Statement 1.1 Protecting Your Privacy Ensuring the security and privacy of our clients&#8217; personal and financial information is one [&hellip;]\" \/>\n<meta property=\"og:url\" content=\"https:\/\/bv-trend.com\/ro\/compliance\/\" \/>\n<meta property=\"og:site_name\" content=\"BV-trend\" \/>\n<meta property=\"article:modified_time\" content=\"2025-05-29T14:15:35+00:00\" \/>\n<meta name=\"twitter:card\" content=\"summary_large_image\" \/>\n<meta name=\"twitter:label1\" content=\"Timp estimat pentru citire\" \/>\n\t<meta name=\"twitter:data1\" content=\"4 minute\" \/>\n<script type=\"application\/ld+json\" class=\"yoast-schema-graph\">{\"@context\":\"https:\/\/schema.org\",\"@graph\":[{\"@type\":\"WebPage\",\"@id\":\"https:\/\/bv-trend.com\/compliance\/\",\"url\":\"https:\/\/bv-trend.com\/compliance\/\",\"name\":\"Compliance - BV-trend\",\"isPartOf\":{\"@id\":\"https:\/\/bv-trend.com\/#website\"},\"datePublished\":\"2023-05-19T14:18:39+00:00\",\"dateModified\":\"2025-05-29T14:15:35+00:00\",\"breadcrumb\":{\"@id\":\"https:\/\/bv-trend.com\/compliance\/#breadcrumb\"},\"inLanguage\":\"ro-RO\",\"potentialAction\":[{\"@type\":\"ReadAction\",\"target\":[\"https:\/\/bv-trend.com\/compliance\/\"]}]},{\"@type\":\"BreadcrumbList\",\"@id\":\"https:\/\/bv-trend.com\/compliance\/#breadcrumb\",\"itemListElement\":[{\"@type\":\"ListItem\",\"position\":1,\"name\":\"Home\",\"item\":\"https:\/\/bv-trend.com\/\"},{\"@type\":\"ListItem\",\"position\":2,\"name\":\"Compliance\"}]},{\"@type\":\"WebSite\",\"@id\":\"https:\/\/bv-trend.com\/#website\",\"url\":\"https:\/\/bv-trend.com\/\",\"name\":\"BV-trend\",\"description\":\"BV-trend\",\"potentialAction\":[{\"@type\":\"SearchAction\",\"target\":{\"@type\":\"EntryPoint\",\"urlTemplate\":\"https:\/\/bv-trend.com\/?s={search_term_string}\"},\"query-input\":{\"@type\":\"PropertyValueSpecification\",\"valueRequired\":true,\"valueName\":\"search_term_string\"}}],\"inLanguage\":\"ro-RO\"}]}<\/script>\n<!-- \/ Yoast SEO plugin. -->","yoast_head_json":{"title":"Compliance - BV-trend","robots":{"index":"noindex","follow":"follow","max-snippet":"max-snippet:-1","max-image-preview":"max-image-preview:large","max-video-preview":"max-video-preview:-1"},"og_locale":"ro_RO","og_type":"article","og_title":"Compliance - BV-trend","og_description":"Privacy Policy Privacy Statement 1.1 Protecting Your Privacy Ensuring the security and privacy of our clients&#8217; personal and financial information is one [&hellip;]","og_url":"https:\/\/bv-trend.com\/ro\/compliance\/","og_site_name":"BV-trend","article_modified_time":"2025-05-29T14:15:35+00:00","twitter_card":"summary_large_image","twitter_misc":{"Timp estimat pentru citire":"4 minute"},"schema":{"@context":"https:\/\/schema.org","@graph":[{"@type":"WebPage","@id":"https:\/\/bv-trend.com\/compliance\/","url":"https:\/\/bv-trend.com\/compliance\/","name":"Compliance - BV-trend","isPartOf":{"@id":"https:\/\/bv-trend.com\/#website"},"datePublished":"2023-05-19T14:18:39+00:00","dateModified":"2025-05-29T14:15:35+00:00","breadcrumb":{"@id":"https:\/\/bv-trend.com\/compliance\/#breadcrumb"},"inLanguage":"ro-RO","potentialAction":[{"@type":"ReadAction","target":["https:\/\/bv-trend.com\/compliance\/"]}]},{"@type":"BreadcrumbList","@id":"https:\/\/bv-trend.com\/compliance\/#breadcrumb","itemListElement":[{"@type":"ListItem","position":1,"name":"Home","item":"https:\/\/bv-trend.com\/"},{"@type":"ListItem","position":2,"name":"Compliance"}]},{"@type":"WebSite","@id":"https:\/\/bv-trend.com\/#website","url":"https:\/\/bv-trend.com\/","name":"BV-trend","description":"BV-trend","potentialAction":[{"@type":"SearchAction","target":{"@type":"EntryPoint","urlTemplate":"https:\/\/bv-trend.com\/?s={search_term_string}"},"query-input":{"@type":"PropertyValueSpecification","valueRequired":true,"valueName":"search_term_string"}}],"inLanguage":"ro-RO"}]}},"_links":{"self":[{"href":"https:\/\/bv-trend.com\/ro\/wp-json\/wp\/v2\/pages\/3349","targetHints":{"allow":["GET"]}}],"collection":[{"href":"https:\/\/bv-trend.com\/ro\/wp-json\/wp\/v2\/pages"}],"about":[{"href":"https:\/\/bv-trend.com\/ro\/wp-json\/wp\/v2\/types\/page"}],"author":[{"embeddable":true,"href":"https:\/\/bv-trend.com\/ro\/wp-json\/wp\/v2\/users\/3"}],"replies":[{"embeddable":true,"href":"https:\/\/bv-trend.com\/ro\/wp-json\/wp\/v2\/comments?post=3349"}],"version-history":[{"count":8,"href":"https:\/\/bv-trend.com\/ro\/wp-json\/wp\/v2\/pages\/3349\/revisions"}],"predecessor-version":[{"id":4734,"href":"https:\/\/bv-trend.com\/ro\/wp-json\/wp\/v2\/pages\/3349\/revisions\/4734"}],"wp:attachment":[{"href":"https:\/\/bv-trend.com\/ro\/wp-json\/wp\/v2\/media?parent=3349"}],"curies":[{"name":"wp","href":"https:\/\/api.w.org\/{rel}","templated":true}]}}